{"id":12913,"date":"2021-05-06T17:51:50","date_gmt":"2021-05-06T15:51:50","guid":{"rendered":"https:\/\/agentur-hzweia.de\/toniclark\/?page_id=12913"},"modified":"2021-05-28T19:21:10","modified_gmt":"2021-05-28T17:21:10","slug":"impressum","status":"publish","type":"page","link":"https:\/\/www.toni-clark.com\/en\/impressum\/","title":{"rendered":"Impressum"},"content":{"rendered":"<p>[vc_row full_width=&#8221;stretch_row_content_no_spaces&#8221; vc_row_angle_after_reverce=&#8221;yes&#8221;][vc_column][xtrm_banner style_banner=&#8221;simple&#8221; height=&#8221;medium_banner&#8221; light=&#8221;yes&#8221; btn_style=&#8221;a-btn&#8221; horizontal_mask=&#8221;true&#8221; title=&#8221;Unser <b>Impressum<\/b>&#8221; mask_img=&#8221;5852&#8243; image=&#8221;5865&#8243;][\/vc_column][\/vc_row][vc_row desctop_mt=&#8221;margin-lg-70t&#8221; desctop_lg_pt=&#8221;padding-lg-100t&#8221; desctop_lg_pb=&#8221;padding-lg-30b&#8221;][vc_column width=&#8221;3\/4&#8243;][xtrm_headings style=&#8221;simple&#8221; subtitle=&#8221;Toni Clark&#8221; title=&#8221;Impressum&#8221; text_align=&#8221;text-left&#8221; btn_style=&#8221;a-btn-3&#8243; button=&#8221;target:_blank&#8221;][vc_column_text]<\/p>\n<p class=\"Verdana12pt100\">Toni Clark practical scale GmbH<br \/>\nZeiss Str. 10<br \/>\nD-32312 Luebbecke<br \/>\nGermany<\/p>\n<p class=\"Verdana12pt100\">Gesch\u00e4ftsf\u00fchrer: Ren\u00e9 Neumann<\/p>\n<p class=\"Verdana12pt100\">Steuernummer: 331\/5811\/0086<br \/>\nUmsatzsteuernummer: DE125746684<br \/>\nAmtsgericht Bad Oeynhausen HRB-Nr. 8609<\/p>\n<p class=\"Verdana12pt100\">Tel.\u00a00049\u00a0(0)5741\u00a05035<br \/>\nFax.\u00a00049 (0)5741 40338<\/p>\n<p class=\"Verdana12pt100\">E-Mail: <a href=\"mailto:neumann@toni-clark.com\">neumann@toni-clark.com<\/a><\/p>\n<p>Unsere Bankverbindung:<br \/>\nVolksbank L\u00fcbbecker Land e.G.<br \/>\nDE40490926500200144500<br \/>\nGENODEM1LUB<\/p>\n<p>Online-Streitbeilegung gem\u00e4\u00df Art. 14 Abs. 1 ODR-VO: Die Europ\u00e4ische Kommission stellt eine Plattform zur Online-Streitbeilegung (OS) bereit, die Sie unter\u00a0<a href=\"http:\/\/ec.europa.eu\/consumers\/odr\/\" target=\"_blank\" rel=\"noopener noreferrer\">http:\/\/ec.europa.eu\/consumers\/odr\/<\/a>\u00a0finden.<\/p>\n<p class=\"Verdana12pt100\">Die Angaben und Informationen auf unseren Internetseiten sind sorgf\u00e4ltig zusammengestellt und werden regelm\u00e4\u00dfig erweitert und aktualisiert.<br \/>\nDie Firma Toni Clark practical scale GmbH kann jedoch zu keiner Zeit die Richtigkeit und Vollst\u00e4ndigkeit der Angaben und Informationen garantieren und \u00fcbernimmt keine Haftung f\u00fcr Sch\u00e4den, die sich direkt oder indirekt aus der Benutzung der Website und dem Gebrauch der darin enthaltenen Angaben und Informationen ergeben.<br \/>\nDies gilt auch f\u00fcr alle Sch\u00e4den, die aus der Nutzung oder Nichtnutzung der angebotenen Informationen entstehen.<\/p>\n<p>[\/vc_column_text][\/vc_column][vc_column width=&#8221;1\/4&#8243; css=&#8221;.vc_custom_1617907484232{padding-bottom: 30px !important;}&#8221;][vc_single_image image=&#8221;12916&#8243; img_size=&#8221;full&#8221;][xtrm_headings style=&#8221;simple&#8221; title=&#8221;Konzeption &amp; Realisierung&#8221; title_size=&#8221;title&#8211;small&#8221; description=&#8221;HZWEIA GmbH &amp; Co. KG<br \/>\nInternetagentur \/ Werbeagentur<br \/>\nMinden \u2013 L\u00fcbbecke | Essen | Bremen&#8221; text_align=&#8221;text-left&#8221; btn_style=&#8221;a-btn&#8221; button=&#8221;url:http%3A%2F%2Fwww.hzweia.de%2F|title:Mehr%20erfahren|target:_blank&#8221;][\/vc_column][\/vc_row]<\/p>\n","protected":false},"excerpt":{"rendered":"<p>[vc_row full_width=&#8221;stretch_row_content_no_spaces&#8221; vc_row_angle_after_reverce=&#8221;yes&#8221;][vc_column][xtrm_banner style_banner=&#8221;simple&#8221; height=&#8221;medium_banner&#8221; light=&#8221;yes&#8221; btn_style=&#8221;a-btn&#8221; horizontal_mask=&#8221;true&#8221; title=&#8221;Unser Impressum&#8221; mask_img=&#8221;5852&#8243; image=&#8221;5865&#8243;][\/vc_column][\/vc_row][vc_row desctop_mt=&#8221;margin-lg-70t&#8221; desctop_lg_pt=&#8221;padding-lg-100t&#8221; desctop_lg_pb=&#8221;padding-lg-30b&#8221;][vc_column width=&#8221;3\/4&#8243;][xtrm_headings style=&#8221;simple&#8221; subtitle=&#8221;Toni Clark&#8221; title=&#8221;Impressum&#8221; text_align=&#8221;text-left&#8221; btn_style=&#8221;a-btn-3&#8243; button=&#8221;target:_blank&#8221;][vc_column_text] Toni Clark practical scale GmbH Zeiss Str. 10 D-32312 Luebbecke Germany Gesch\u00e4ftsf\u00fchrer: Ren\u00e9 Neumann Steuernummer: 331\/5811\/0086 Umsatzsteuernummer: DE125746684 Amtsgericht Bad Oeynhausen HRB-Nr. 8609 Tel.\u00a00049\u00a0(0)5741\u00a05035 Fax.\u00a00049 (0)5741 40338 E-Mail: neumann@toni-clark.com Unsere Bankverbindung: Volksbank &#8230;<\/p>\n","protected":false},"author":4,"featured_media":0,"parent":0,"menu_order":0,"comment_status":"closed","ping_status":"closed","template":"","meta":[],"featured_image_src":null,"featured_image_src_square":null,"_links":{"self":[{"href":"https:\/\/www.toni-clark.com\/en\/wp-json\/wp\/v2\/pages\/12913"}],"collection":[{"href":"https:\/\/www.toni-clark.com\/en\/wp-json\/wp\/v2\/pages"}],"about":[{"href":"https:\/\/www.toni-clark.com\/en\/wp-json\/wp\/v2\/types\/page"}],"author":[{"embeddable":true,"href":"https:\/\/www.toni-clark.com\/en\/wp-json\/wp\/v2\/users\/4"}],"replies":[{"embeddable":true,"href":"https:\/\/www.toni-clark.com\/en\/wp-json\/wp\/v2\/comments?post=12913"}],"version-history":[{"count":11,"href":"https:\/\/www.toni-clark.com\/en\/wp-json\/wp\/v2\/pages\/12913\/revisions"}],"predecessor-version":[{"id":13430,"href":"https:\/\/www.toni-clark.com\/en\/wp-json\/wp\/v2\/pages\/12913\/revisions\/13430"}],"wp:attachment":[{"href":"https:\/\/www.toni-clark.com\/en\/wp-json\/wp\/v2\/media?parent=12913"}],"curies":[{"name":"wp","href":"https:\/\/api.w.org\/{rel}","templated":true}]}}