{"id":11325,"date":"2021-03-29T19:45:31","date_gmt":"2021-03-29T19:45:31","guid":{"rendered":"https:\/\/agentur-hzweia.de\/toniclark\/galerie\/"},"modified":"2021-04-27T13:13:26","modified_gmt":"2021-04-27T11:13:26","slug":"galerie","status":"publish","type":"page","link":"https:\/\/www.toni-clark.com\/en\/galerie\/","title":{"rendered":"Galerie"},"content":{"rendered":"<p>[vc_row full_width=&#8221;stretch_row_content_no_spaces&#8221; vc_row_angle_after_reverce=&#8221;yes&#8221;][vc_column][xtrm_banner style_banner=&#8221;simple&#8221; height=&#8221;medium_banner&#8221; light=&#8221;yes&#8221; btn_style=&#8221;a-btn&#8221; horizontal_mask=&#8221;true&#8221; title=&#8221;Kunden <b>Galerie<\/b>&#8221; mask_img=&#8221;5852&#8243; image=&#8221;5865&#8243;][\/vc_column][\/vc_row][vc_row full_width=&#8221;stretch_row_content&#8221; equal_height=&#8221;yes&#8221; content_placement=&#8221;middle&#8221; desctop_lg_pt=&#8221;padding-lg-160t&#8221; desctop_lg_pb=&#8221;padding-lg-170b&#8221; desctop_pt=&#8221;padding-md-155t&#8221; desctop_pb=&#8221;padding-md-160b&#8221; tablets_pt=&#8221;padding-sm-115t&#8221; tablets_pb=&#8221;padding-sm-120b&#8221; mobile_pt=&#8221;padding-xs-35t&#8221; mobile_pb=&#8221;padding-xs-35b&#8221; vc_row_angle_before_reverce=&#8221;yes&#8221; vc_row_angle_after_reverce=&#8221;yes&#8221;][vc_column mobile_pt=&#8221;padding-xs-0t&#8221; css=&#8221;.vc_custom_1550739080891{background-position: center !important;background-repeat: no-repeat !important;background-size: cover !important;}&#8221; offset=&#8221;vc_col-lg-offset-2 vc_col-lg-4 vc_col-md-5 vc_hidden-sm vc_hidden-xs&#8221;][xtrm_headings style=&#8221;simple&#8221; subtitle=&#8221;Foto-Galerie&#8221; title=&#8221;Bilder <mark>unserer Kunden<\/mark>&#8221; description=&#8221;Hier finden Sie Fotos unserer Kunden mit Flugmodelle von Toni Clark. Haben Sie Fragen zu einem unserer Flugmodelle nehmen Sie gerne Kontakt zu uns auf.&#8221; text_align=&#8221;text-left&#8221; btn_style=&#8221;a-btn-3&#8243; button=&#8221;url:%23|title:Zum%20Online-Shop|target:_blank&#8221;][\/vc_column][vc_column width=&#8221;2\/3&#8243; offset=&#8221;vc_col-lg-offset-1 vc_col-lg-4 vc_col-md-offset-1 vc_col-md-6 vc_col-sm-offset-2&#8243;][single_media image=&#8221;5689&#8243;][\/vc_column][\/vc_row][vc_row full_width=&#8221;stretch_row&#8221; parallax=&#8221;content-moving&#8221; parallax_image=&#8221;5770&#8243; desctop_mt=&#8221;margin-lg-30t&#8221; desctop_lg_pt=&#8221;padding-lg-50t&#8221; desctop_lg_pb=&#8221;padding-lg-155b&#8221; desctop_pb=&#8221;padding-md-115b&#8221; tablets_pb=&#8221;padding-sm-80b&#8221; mobile_pb=&#8221;padding-xs-20b&#8221; vc_row_angle_before_reverce=&#8221;yes&#8221; vc_row_angle_after_reverce=&#8221;yes&#8221;][vc_column width=&#8221;1\/6&#8243;][\/vc_column][vc_column width=&#8221;2\/3&#8243; desctop_mt=&#8221;margin-lg-70t&#8221;][xtrm_headings style=&#8221;simple&#8221; subtitle=&#8221;Kunden-Bilder&#8221; title=&#8221;Flugmodelle <mark>Galerie<\/mark>&#8221; btn_style=&#8221;a-btn&#8221;][\/vc_column][vc_column width=&#8221;1\/6&#8243;][\/vc_column][vc_column][vc_row_inner][vc_column_inner width=&#8221;1\/4&#8243; css=&#8221;.vc_custom_1617048264897{padding-right: 15px !important;padding-left: 0px !important;}&#8221;][vc_hoverbox image=&#8221;11527&#8243; primary_title=&#8221;&#8221; hover_title=&#8221;Piper PA 18&#8243; shape=&#8221;square&#8221;]gebaut von Mario Palm[\/vc_hoverbox][\/vc_column_inner][vc_column_inner width=&#8221;1\/4&#8243; css=&#8221;.vc_custom_1617048269320{padding-right: 15px !important;padding-left: 0px !important;}&#8221;][vc_hoverbox image=&#8221;11532&#8243; primary_title=&#8221;&#8221; hover_title=&#8221;Piper Clipped Wing Cub&#8221; shape=&#8221;square&#8221;]von Burkhard Reinsch[\/vc_hoverbox][\/vc_column_inner][vc_column_inner width=&#8221;1\/4&#8243; css=&#8221;.vc_custom_1617048273975{padding-right: 15px !important;padding-left: 0px !important;}&#8221;][vc_hoverbox image=&#8221;11326&#8243; primary_title=&#8221;&#8221; hover_title=&#8221;Piper PA 18&#8243; shape=&#8221;square&#8221;]gebaut von Wolf Dieter Banke[\/vc_hoverbox][\/vc_column_inner][vc_column_inner width=&#8221;1\/4&#8243; css=&#8221;.vc_custom_1617048277904{padding-right: 15px !important;padding-left: 0px !important;}&#8221;][vc_hoverbox image=&#8221;11519&#8243; primary_title=&#8221;&#8221; hover_title=&#8221;Die rote Piper PA 18&#8243; shape=&#8221;square&#8221;]gebaut von Manfred Ricken[\/vc_hoverbox][\/vc_column_inner][\/vc_row_inner][vc_row_inner css=&#8221;.vc_custom_1617049705738{padding-top: 15px !important;}&#8221;][vc_column_inner width=&#8221;1\/4&#8243; css=&#8221;.vc_custom_1617048264897{padding-right: 15px !important;padding-left: 0px !important;}&#8221;][vc_hoverbox image=&#8221;11522&#8243; primary_title=&#8221;&#8221; hover_title=&#8221;Die gelbe Piper PA 18&#8243; shape=&#8221;square&#8221;]von Manni \u2013 &#8220;yellow is beautiful&#8221;[\/vc_hoverbox][\/vc_column_inner][vc_column_inner width=&#8221;1\/4&#8243; css=&#8221;.vc_custom_1617048269320{padding-right: 15px !important;padding-left: 0px !important;}&#8221;][vc_hoverbox image=&#8221;11528&#8243; primary_title=&#8221;&#8221; hover_title=&#8221;Piper PA 18&#8243; shape=&#8221;square&#8221;]gebaut von Alex Jansen[\/vc_hoverbox][\/vc_column_inner][vc_column_inner width=&#8221;1\/4&#8243; css=&#8221;.vc_custom_1617048273975{padding-right: 15px !important;padding-left: 0px !important;}&#8221;][vc_hoverbox image=&#8221;11372&#8243; primary_title=&#8221;&#8221; hover_title=&#8221;Piper PA 18&#8243; shape=&#8221;square&#8221;]gebaut von Bernhard Beck[\/vc_hoverbox][\/vc_column_inner][vc_column_inner width=&#8221;1\/4&#8243; css=&#8221;.vc_custom_1617048277904{padding-right: 15px !important;padding-left: 0px !important;}&#8221;][vc_hoverbox image=&#8221;11373&#8243; primary_title=&#8221;&#8221; hover_title=&#8221;Clipped Wing Piper&#8221; shape=&#8221;square&#8221;]gebaut von Carlo Regenfelder[\/vc_hoverbox][\/vc_column_inner][\/vc_row_inner][vc_row_inner css=&#8221;.vc_custom_1617049713322{padding-top: 15px !important;}&#8221;][vc_column_inner width=&#8221;1\/4&#8243; css=&#8221;.vc_custom_1617048264897{padding-right: 15px !important;padding-left: 0px !important;}&#8221;][vc_hoverbox image=&#8221;11529&#8243; primary_title=&#8221;&#8221; hover_title=&#8221;Piper PA 18&#8243; shape=&#8221;square&#8221;]gebaut von Christian Six[\/vc_hoverbox][\/vc_column_inner][vc_column_inner width=&#8221;1\/4&#8243; css=&#8221;.vc_custom_1617048269320{padding-right: 15px !important;padding-left: 0px !important;}&#8221;][vc_hoverbox image=&#8221;11374&#8243; primary_title=&#8221;&#8221; hover_title=&#8221;Piper PA 18&#8243; shape=&#8221;square&#8221;]gebaut von Walter Drechsler[\/vc_hoverbox][\/vc_column_inner][vc_column_inner width=&#8221;1\/4&#8243; css=&#8221;.vc_custom_1617048273975{padding-right: 15px !important;padding-left: 0px !important;}&#8221;][vc_hoverbox image=&#8221;11375&#8243; primary_title=&#8221;&#8221; hover_title=&#8221;Piper PA 18&#8243; shape=&#8221;square&#8221;]gebaut von Kolja T. Zweering[\/vc_hoverbox][\/vc_column_inner][vc_column_inner width=&#8221;1\/4&#8243; css=&#8221;.vc_custom_1617048277904{padding-right: 15px !important;padding-left: 0px !important;}&#8221;][vc_hoverbox image=&#8221;11376&#8243; primary_title=&#8221;&#8221; hover_title=&#8221;Piper J3 Cub&#8221; shape=&#8221;square&#8221;]gebaut von Werner Eberhartinger[\/vc_hoverbox][\/vc_column_inner][\/vc_row_inner][vc_row_inner css=&#8221;.vc_custom_1617049720088{padding-top: 15px !important;}&#8221;][vc_column_inner width=&#8221;1\/4&#8243; css=&#8221;.vc_custom_1617048264897{padding-right: 15px !important;padding-left: 0px !important;}&#8221;][vc_hoverbox image=&#8221;11377&#8243; primary_title=&#8221;&#8221; hover_title=&#8221;Piper PA 18&#8243; shape=&#8221;square&#8221;]gebaut von Frank Ulfikowski[\/vc_hoverbox][\/vc_column_inner][vc_column_inner width=&#8221;1\/4&#8243; css=&#8221;.vc_custom_1617048269320{padding-right: 15px !important;padding-left: 0px !important;}&#8221;][vc_hoverbox image=&#8221;11378&#8243; primary_title=&#8221;&#8221; hover_title=&#8221;Piper PA 18&#8243; shape=&#8221;square&#8221;]gebaut von Gary Timmers[\/vc_hoverbox][\/vc_column_inner][vc_column_inner width=&#8221;1\/4&#8243; css=&#8221;.vc_custom_1617048273975{padding-right: 15px !important;padding-left: 0px !important;}&#8221;][vc_hoverbox image=&#8221;11379&#8243; primary_title=&#8221;&#8221; hover_title=&#8221;Piper PA 18&#8243; shape=&#8221;square&#8221;]gebaut von Gerd Haas[\/vc_hoverbox][\/vc_column_inner][vc_column_inner width=&#8221;1\/4&#8243; css=&#8221;.vc_custom_1617048277904{padding-right: 15px !important;padding-left: 0px !important;}&#8221;][vc_hoverbox image=&#8221;11380&#8243; primary_title=&#8221;&#8221; hover_title=&#8221;Piper PA 18&#8243; shape=&#8221;square&#8221;]gebaut von Horst Zimmermann[\/vc_hoverbox][\/vc_column_inner][\/vc_row_inner][vc_row_inner css=&#8221;.vc_custom_1617049720088{padding-top: 15px !important;}&#8221;][vc_column_inner width=&#8221;1\/4&#8243; css=&#8221;.vc_custom_1617048264897{padding-right: 15px !important;padding-left: 0px !important;}&#8221;][vc_hoverbox image=&#8221;11381&#8243; primary_title=&#8221;&#8221; hover_title=&#8221;Piper PA 18&#8243; shape=&#8221;square&#8221;]gebaut von Hussy Michael[\/vc_hoverbox][\/vc_column_inner][vc_column_inner width=&#8221;1\/4&#8243; css=&#8221;.vc_custom_1617048269320{padding-right: 15px !important;padding-left: 0px !important;}&#8221;][vc_hoverbox image=&#8221;11533&#8243; primary_title=&#8221;&#8221; hover_title=&#8221;Piper PA 18&#8243; shape=&#8221;square&#8221;]gebaut von Andreas Knockl[\/vc_hoverbox][\/vc_column_inner][vc_column_inner width=&#8221;1\/4&#8243; css=&#8221;.vc_custom_1617048273975{padding-right: 15px !important;padding-left: 0px !important;}&#8221;][vc_hoverbox image=&#8221;11382&#8243; primary_title=&#8221;&#8221; hover_title=&#8221;Piper J3 Cub&#8221; shape=&#8221;square&#8221;]gebaut von Manfred Heizle[\/vc_hoverbox][\/vc_column_inner][vc_column_inner width=&#8221;1\/4&#8243; css=&#8221;.vc_custom_1617048277904{padding-right: 15px !important;padding-left: 0px !important;}&#8221;][vc_hoverbox image=&#8221;11383&#8243; primary_title=&#8221;&#8221; hover_title=&#8221;Piper PA 18&#8243; shape=&#8221;square&#8221;]gebaut von Peter Plank[\/vc_hoverbox][\/vc_column_inner][\/vc_row_inner][vc_row_inner css=&#8221;.vc_custom_1617049720088{padding-top: 15px !important;}&#8221;][vc_column_inner width=&#8221;1\/4&#8243; css=&#8221;.vc_custom_1617048264897{padding-right: 15px !important;padding-left: 0px !important;}&#8221;][vc_hoverbox image=&#8221;11534&#8243; primary_title=&#8221;&#8221; hover_title=&#8221;Piper PA 18&#8243; shape=&#8221;square&#8221;]gebaut von Routledge Kevin[\/vc_hoverbox][\/vc_column_inner][vc_column_inner width=&#8221;1\/4&#8243; css=&#8221;.vc_custom_1617048269320{padding-right: 15px !important;padding-left: 0px !important;}&#8221;][vc_hoverbox image=&#8221;11384&#8243; primary_title=&#8221;&#8221; hover_title=&#8221;Piper PA 18&#8243; shape=&#8221;square&#8221;]gebaut von Suckart Roland[\/vc_hoverbox][\/vc_column_inner][vc_column_inner width=&#8221;1\/4&#8243; css=&#8221;.vc_custom_1617048273975{padding-right: 15px !important;padding-left: 0px !important;}&#8221;][vc_hoverbox image=&#8221;11385&#8243; primary_title=&#8221;&#8221; hover_title=&#8221;Piper PA 18&#8243; shape=&#8221;square&#8221;]gebaut von Thorsten Ullrich[\/vc_hoverbox][\/vc_column_inner][vc_column_inner width=&#8221;1\/4&#8243; css=&#8221;.vc_custom_1617048277904{padding-right: 15px !important;padding-left: 0px !important;}&#8221;][vc_hoverbox image=&#8221;11386&#8243; primary_title=&#8221;&#8221; hover_title=&#8221;Clipped Wing Piper&#8221; shape=&#8221;square&#8221;]gebaut von Vincenz Bogner[\/vc_hoverbox][\/vc_column_inner][\/vc_row_inner][vc_row_inner css=&#8221;.vc_custom_1617049720088{padding-top: 15px !important;}&#8221;][vc_column_inner width=&#8221;1\/4&#8243; css=&#8221;.vc_custom_1617048264897{padding-right: 15px !important;padding-left: 0px !important;}&#8221;][vc_hoverbox image=&#8221;11387&#8243; primary_title=&#8221;&#8221; hover_title=&#8221;Piper PA 18&#8243; shape=&#8221;square&#8221;]gebaut von Zehles Patrick[\/vc_hoverbox][\/vc_column_inner][vc_column_inner width=&#8221;1\/4&#8243; css=&#8221;.vc_custom_1617048269320{padding-right: 15px !important;padding-left: 0px !important;}&#8221;][vc_hoverbox image=&#8221;11538&#8243; primary_title=&#8221;&#8221; hover_title=&#8221;Piper PA18 Super Cub&#8221; shape=&#8221;square&#8221;]gebaut von John Kelleher, Irland[\/vc_hoverbox][\/vc_column_inner][vc_column_inner width=&#8221;1\/4&#8243; css=&#8221;.vc_custom_1617048273975{padding-right: 15px !important;padding-left: 0px !important;}&#8221;][vc_hoverbox image=&#8221;11388&#8243; primary_title=&#8221;&#8221; hover_title=&#8221;Piper J3 Cub&#8221; shape=&#8221;square&#8221;]gebaut von Helmut Labe[\/vc_hoverbox][\/vc_column_inner][vc_column_inner width=&#8221;1\/4&#8243; css=&#8221;.vc_custom_1617048277904{padding-right: 15px !important;padding-left: 0px !important;}&#8221;][vc_hoverbox image=&#8221;11389&#8243; primary_title=&#8221;&#8221; hover_title=&#8221;Piper PA18 Super Cub&#8221; shape=&#8221;square&#8221;]gebaut von Peter Hauser[\/vc_hoverbox][\/vc_column_inner][\/vc_row_inner][vc_row_inner css=&#8221;.vc_custom_1617049720088{padding-top: 15px !important;}&#8221;][vc_column_inner width=&#8221;1\/4&#8243; css=&#8221;.vc_custom_1617048264897{padding-right: 15px !important;padding-left: 0px !important;}&#8221;][vc_hoverbox image=&#8221;11390&#8243; primary_title=&#8221;&#8221; hover_title=&#8221;Piper PA18 Super Cub&#8221; shape=&#8221;square&#8221;]gebaut von Armin R\u00f6thlisberger[\/vc_hoverbox][\/vc_column_inner][vc_column_inner width=&#8221;1\/4&#8243; css=&#8221;.vc_custom_1617048269320{padding-right: 15px !important;padding-left: 0px !important;}&#8221;][vc_hoverbox image=&#8221;11391&#8243; primary_title=&#8221;&#8221; hover_title=&#8221;Piper J3 CUB&#8221; shape=&#8221;square&#8221;]gebaut von Major Robert Jacquot, USA[\/vc_hoverbox][\/vc_column_inner][vc_column_inner width=&#8221;1\/4&#8243; css=&#8221;.vc_custom_1617048273975{padding-right: 15px !important;padding-left: 0px !important;}&#8221;][vc_hoverbox image=&#8221;11392&#8243; primary_title=&#8221;&#8221; hover_title=&#8221;Piper PA 18 Super Cub&#8221; shape=&#8221;square&#8221;]gebaut von Rudi Widmann[\/vc_hoverbox][\/vc_column_inner][vc_column_inner width=&#8221;1\/4&#8243; css=&#8221;.vc_custom_1617048277904{padding-right: 15px !important;padding-left: 0px !important;}&#8221;][vc_hoverbox image=&#8221;11393&#8243; primary_title=&#8221;&#8221; hover_title=&#8221;Piper PA18 Super CUB&#8221; shape=&#8221;square&#8221;]gebaut von Philipp Kieffer, Schweiz[\/vc_hoverbox][\/vc_column_inner][\/vc_row_inner][vc_row_inner css=&#8221;.vc_custom_1617049720088{padding-top: 15px !important;}&#8221;][vc_column_inner width=&#8221;1\/4&#8243; css=&#8221;.vc_custom_1617048264897{padding-right: 15px !important;padding-left: 0px !important;}&#8221;][vc_hoverbox image=&#8221;11394&#8243; primary_title=&#8221;&#8221; hover_title=&#8221;Piper J3 CUB&#8221; shape=&#8221;square&#8221;]gebaut von Eduard Wymann, Schweiz[\/vc_hoverbox][\/vc_column_inner][vc_column_inner width=&#8221;1\/4&#8243; css=&#8221;.vc_custom_1617048269320{padding-right: 15px !important;padding-left: 0px !important;}&#8221;][vc_hoverbox image=&#8221;11537&#8243; primary_title=&#8221;&#8221; hover_title=&#8221;Piper PA 18 Super CUB&#8221; shape=&#8221;square&#8221;]gebaut von Ralf Brand[\/vc_hoverbox][\/vc_column_inner][vc_column_inner width=&#8221;1\/4&#8243; css=&#8221;.vc_custom_1617048273975{padding-right: 15px !important;padding-left: 0px !important;}&#8221;][vc_hoverbox image=&#8221;11395&#8243; primary_title=&#8221;&#8221; hover_title=&#8221;Piper PA 18 Super CUB&#8221; shape=&#8221;square&#8221;]gebaut von Peter Wohlfeil[\/vc_hoverbox][\/vc_column_inner][vc_column_inner width=&#8221;1\/4&#8243; css=&#8221;.vc_custom_1617048277904{padding-right: 15px !important;padding-left: 0px !important;}&#8221;][vc_hoverbox image=&#8221;11396&#8243; primary_title=&#8221;&#8221; hover_title=&#8221;Piper PA 18 Super CUB&#8221; shape=&#8221;square&#8221;]gebaut von Hannu \u00d6rn, Helsinki[\/vc_hoverbox][\/vc_column_inner][\/vc_row_inner][vc_row_inner desctop_lg_pt=&#8221;padding-lg-50t&#8221; css=&#8221;.vc_custom_1617111952715{padding-top: 15px !important;}&#8221;][vc_column_inner width=&#8221;1\/4&#8243; css=&#8221;.vc_custom_1617048264897{padding-right: 15px !important;padding-left: 0px !important;}&#8221;][vc_hoverbox image=&#8221;11397&#8243; primary_title=&#8221;&#8221; hover_title=&#8221;Piper PA 18 Super CUB&#8221; shape=&#8221;square&#8221;]gebaut von Raymond van Mulken[\/vc_hoverbox][\/vc_column_inner][vc_column_inner width=&#8221;1\/4&#8243; css=&#8221;.vc_custom_1617048269320{padding-right: 15px !important;padding-left: 0px !important;}&#8221;][vc_hoverbox image=&#8221;11398&#8243; primary_title=&#8221;&#8221; hover_title=&#8221;Piper J3 Cub&#8221; shape=&#8221;square&#8221;]gebaut von Frank Wedekind[\/vc_hoverbox][\/vc_column_inner][vc_column_inner width=&#8221;1\/4&#8243; css=&#8221;.vc_custom_1617048273975{padding-right: 15px !important;padding-left: 0px !important;}&#8221;][vc_hoverbox image=&#8221;11399&#8243; primary_title=&#8221;&#8221; hover_title=&#8221;Piper PA 18 Super CUB&#8221; shape=&#8221;square&#8221;]gebaut von Kavi\u00e1k L\u00e1szl\u00f3, Ungarn[\/vc_hoverbox][\/vc_column_inner][vc_column_inner width=&#8221;1\/4&#8243; css=&#8221;.vc_custom_1617048277904{padding-right: 15px !important;padding-left: 0px !important;}&#8221;][vc_hoverbox image=&#8221;11400&#8243; primary_title=&#8221;&#8221; hover_title=&#8221;Piper PA 18 Super CUB&#8221; shape=&#8221;square&#8221;]gebaut von Matthias Schaub[\/vc_hoverbox][\/vc_column_inner][\/vc_row_inner][\/vc_column][\/vc_row]<\/p>\n","protected":false},"excerpt":{"rendered":"<p>[vc_row full_width=&#8221;stretch_row_content_no_spaces&#8221; vc_row_angle_after_reverce=&#8221;yes&#8221;][vc_column][xtrm_banner style_banner=&#8221;simple&#8221; height=&#8221;medium_banner&#8221; light=&#8221;yes&#8221; btn_style=&#8221;a-btn&#8221; horizontal_mask=&#8221;true&#8221; title=&#8221;Kunden Galerie&#8221; mask_img=&#8221;5852&#8243; image=&#8221;5865&#8243;][\/vc_column][\/vc_row][vc_row full_width=&#8221;stretch_row_content&#8221; equal_height=&#8221;yes&#8221; content_placement=&#8221;middle&#8221; desctop_lg_pt=&#8221;padding-lg-160t&#8221; desctop_lg_pb=&#8221;padding-lg-170b&#8221; desctop_pt=&#8221;padding-md-155t&#8221; desctop_pb=&#8221;padding-md-160b&#8221; tablets_pt=&#8221;padding-sm-115t&#8221; tablets_pb=&#8221;padding-sm-120b&#8221; mobile_pt=&#8221;padding-xs-35t&#8221; mobile_pb=&#8221;padding-xs-35b&#8221; vc_row_angle_before_reverce=&#8221;yes&#8221; vc_row_angle_after_reverce=&#8221;yes&#8221;][vc_column mobile_pt=&#8221;padding-xs-0t&#8221; css=&#8221;.vc_custom_1550739080891{background-position: center !important;background-repeat: no-repeat !important;background-size: cover !important;}&#8221; offset=&#8221;vc_col-lg-offset-2 vc_col-lg-4 vc_col-md-5 vc_hidden-sm vc_hidden-xs&#8221;][xtrm_headings style=&#8221;simple&#8221; subtitle=&#8221;Foto-Galerie&#8221; title=&#8221;Bilder unserer Kunden&#8221; description=&#8221;Hier finden Sie Fotos unserer Kunden mit Flugmodelle von Toni Clark. Haben &#8230;<\/p>\n","protected":false},"author":4,"featured_media":0,"parent":0,"menu_order":0,"comment_status":"closed","ping_status":"closed","template":"","meta":[],"featured_image_src":null,"featured_image_src_square":null,"_links":{"self":[{"href":"https:\/\/www.toni-clark.com\/en\/wp-json\/wp\/v2\/pages\/11325"}],"collection":[{"href":"https:\/\/www.toni-clark.com\/en\/wp-json\/wp\/v2\/pages"}],"about":[{"href":"https:\/\/www.toni-clark.com\/en\/wp-json\/wp\/v2\/types\/page"}],"author":[{"embeddable":true,"href":"https:\/\/www.toni-clark.com\/en\/wp-json\/wp\/v2\/users\/4"}],"replies":[{"embeddable":true,"href":"https:\/\/www.toni-clark.com\/en\/wp-json\/wp\/v2\/comments?post=11325"}],"version-history":[{"count":3,"href":"https:\/\/www.toni-clark.com\/en\/wp-json\/wp\/v2\/pages\/11325\/revisions"}],"predecessor-version":[{"id":11774,"href":"https:\/\/www.toni-clark.com\/en\/wp-json\/wp\/v2\/pages\/11325\/revisions\/11774"}],"wp:attachment":[{"href":"https:\/\/www.toni-clark.com\/en\/wp-json\/wp\/v2\/media?parent=11325"}],"curies":[{"name":"wp","href":"https:\/\/api.w.org\/{rel}","templated":true}]}}