{"id":10549,"date":"2021-04-09T18:47:21","date_gmt":"2021-04-09T16:47:21","guid":{"rendered":"https:\/\/agentur-hzweia.de\/toniclark\/was-macht-unsere-bausaetze-so-gut\/"},"modified":"2021-04-27T13:13:08","modified_gmt":"2021-04-27T11:13:08","slug":"was-macht-unsere-bausaetze-so-gut","status":"publish","type":"page","link":"https:\/\/www.toni-clark.com\/en\/was-macht-unsere-bausaetze-so-gut\/","title":{"rendered":"Was macht unsere Baus\u00e4tze so gut?"},"content":{"rendered":"<p>[vc_row full_width=&#8221;stretch_row_content_no_spaces&#8221; vc_row_angle_after_reverce=&#8221;yes&#8221;][vc_column][xtrm_banner style_banner=&#8221;simple&#8221; height=&#8221;medium_banner&#8221; light=&#8221;yes&#8221; btn_style=&#8221;a-btn&#8221; horizontal_mask=&#8221;true&#8221; title=&#8221;Toni Clark <b>Baus\u00e4tze<\/b>&#8221; mask_img=&#8221;5852&#8243; image=&#8221;5865&#8243;][\/vc_column][\/vc_row][vc_row desctop_mt=&#8221;margin-lg-70t&#8221; desctop_lg_pt=&#8221;padding-lg-100t&#8221; desctop_lg_pb=&#8221;padding-lg-50b&#8221;][vc_column width=&#8221;1\/2&#8243;][xtrm_headings style=&#8221;simple&#8221; subtitle=&#8221;Toni Clark&#8221; title=&#8221;Was macht unsere Baus\u00e4tze <mark>so gut?<\/mark>&#8221; text_align=&#8221;text-left&#8221; btn_style=&#8221;a-btn-3&#8243; button=&#8221;target:_blank&#8221;][vc_column_text css=&#8221;.vc_custom_1617986918276{margin-top: 0px !important;border-top-width: 0px !important;padding-top: 15px !important;}&#8221;]<\/p>\n<ul>\n<li>Rippen, Spanten und andere Formteile sind CNC-gefr\u00e4st (Hochfrequenzspindel 60.000 1\/min) oder in Vorrichtungen einbaufertig geschliffen. In unseren Baus\u00e4tzen gibt es keine unsauberen Stanzungen und auch nicht die h\u00e4\u00dflichen, vom Laserschneiden verbrannten Kanten, die man sonst so h\u00e4ufig sieht.<\/li>\n<li>Wir suchen Leisten und Holzteile sorgf\u00e4ltig aus. Rumpfseiten und Teile, bei denen gleiches Gewicht und Festigkeit erw\u00fcnscht sind, werden gepaart.<\/li>\n<li>Bevor wir Baus\u00e4tze produzieren, werden die Modelle gr\u00fcndlich erprobt.<\/li>\n<li>Unsere Baus\u00e4tze sind wirklich komplett. Sie enthalten auch Teile wie R\u00e4der, Tank, Spinner, Schrauben, Teile f\u00fcr die Ruderanlenkung usw.<\/li>\n<li>Wir verwenden nicht nur billigste Blechschrauben, sondern auch teure Innensechskantschrauben und Stoppmuttern, wo dies sinnvoll ist.<\/li>\n<li>Sie k\u00f6nnen uns anrufen, wenn Sie auf &#8220;unl\u00f6sbare&#8221; Probleme sto\u00dfen. Tel. <a href=\"tel:057415035\">05741\/5035<\/a><\/li>\n<\/ul>\n<p>[\/vc_column_text][\/vc_column][vc_column width=&#8221;1\/2&#8243;][single_media image=&#8221;7055&#8243;][\/vc_column][\/vc_row]<\/p>\n","protected":false},"excerpt":{"rendered":"<p>[vc_row full_width=&#8221;stretch_row_content_no_spaces&#8221; vc_row_angle_after_reverce=&#8221;yes&#8221;][vc_column][xtrm_banner style_banner=&#8221;simple&#8221; height=&#8221;medium_banner&#8221; light=&#8221;yes&#8221; btn_style=&#8221;a-btn&#8221; horizontal_mask=&#8221;true&#8221; title=&#8221;Toni Clark Baus\u00e4tze&#8221; mask_img=&#8221;5852&#8243; image=&#8221;5865&#8243;][\/vc_column][\/vc_row][vc_row desctop_mt=&#8221;margin-lg-70t&#8221; desctop_lg_pt=&#8221;padding-lg-100t&#8221; desctop_lg_pb=&#8221;padding-lg-50b&#8221;][vc_column width=&#8221;1\/2&#8243;][xtrm_headings style=&#8221;simple&#8221; subtitle=&#8221;Toni Clark&#8221; title=&#8221;Was macht unsere Baus\u00e4tze so gut?&#8221; text_align=&#8221;text-left&#8221; btn_style=&#8221;a-btn-3&#8243; button=&#8221;target:_blank&#8221;][vc_column_text css=&#8221;.vc_custom_1617986918276{margin-top: 0px !important;border-top-width: 0px !important;padding-top: 15px !important;}&#8221;] Rippen, Spanten und andere Formteile sind CNC-gefr\u00e4st (Hochfrequenzspindel 60.000 1\/min) oder in Vorrichtungen einbaufertig geschliffen. In unseren Baus\u00e4tzen gibt &#8230;<\/p>\n","protected":false},"author":4,"featured_media":0,"parent":0,"menu_order":0,"comment_status":"closed","ping_status":"closed","template":"","meta":[],"featured_image_src":null,"featured_image_src_square":null,"_links":{"self":[{"href":"https:\/\/www.toni-clark.com\/en\/wp-json\/wp\/v2\/pages\/10549"}],"collection":[{"href":"https:\/\/www.toni-clark.com\/en\/wp-json\/wp\/v2\/pages"}],"about":[{"href":"https:\/\/www.toni-clark.com\/en\/wp-json\/wp\/v2\/types\/page"}],"author":[{"embeddable":true,"href":"https:\/\/www.toni-clark.com\/en\/wp-json\/wp\/v2\/users\/4"}],"replies":[{"embeddable":true,"href":"https:\/\/www.toni-clark.com\/en\/wp-json\/wp\/v2\/comments?post=10549"}],"version-history":[{"count":1,"href":"https:\/\/www.toni-clark.com\/en\/wp-json\/wp\/v2\/pages\/10549\/revisions"}],"predecessor-version":[{"id":10559,"href":"https:\/\/www.toni-clark.com\/en\/wp-json\/wp\/v2\/pages\/10549\/revisions\/10559"}],"wp:attachment":[{"href":"https:\/\/www.toni-clark.com\/en\/wp-json\/wp\/v2\/media?parent=10549"}],"curies":[{"name":"wp","href":"https:\/\/api.w.org\/{rel}","templated":true}]}}