{"id":10403,"date":"2021-04-15T14:55:42","date_gmt":"2021-04-15T12:55:42","guid":{"rendered":"https:\/\/agentur-hzweia.de\/toniclark\/piper-j3-pa18-galerie\/"},"modified":"2021-05-05T17:59:28","modified_gmt":"2021-05-05T15:59:28","slug":"piper-j3-pa18-gallery","status":"publish","type":"page","link":"https:\/\/www.toni-clark.com\/en\/piper-j3-pa18-gallery\/","title":{"rendered":"Piper J3 &#038; PA18 Gallery"},"content":{"rendered":"<p>[vc_row full_width=&#8221;stretch_row_content_no_spaces&#8221; vc_row_angle_after_reverce=&#8221;yes&#8221;][vc_column][xtrm_banner style_banner=&#8221;simple&#8221; height=&#8221;medium_banner&#8221; light=&#8221;yes&#8221; btn_style=&#8221;a-btn&#8221; horizontal_mask=&#8221;true&#8221; title=&#8221;Piper J3 &amp; PA18 <b>Gallery<\/b>&#8221; mask_img=&#8221;5852&#8243; image=&#8221;5865&#8243;][\/vc_column][\/vc_row][vc_row full_width=&#8221;stretch_row&#8221; parallax=&#8221;content-moving&#8221; parallax_image=&#8221;5770&#8243; desctop_mt=&#8221;margin-lg-30t&#8221; desctop_lg_pt=&#8221;padding-lg-50t&#8221; desctop_lg_pb=&#8221;padding-lg-155b&#8221; desctop_pb=&#8221;padding-md-115b&#8221; tablets_pb=&#8221;padding-sm-80b&#8221; mobile_pb=&#8221;padding-xs-20b&#8221; vc_row_angle_before_reverce=&#8221;yes&#8221; vc_row_angle_after_reverce=&#8221;yes&#8221;][vc_column width=&#8221;1\/6&#8243;][\/vc_column][vc_column width=&#8221;2\/3&#8243; desctop_mt=&#8221;margin-lg-70t&#8221;][xtrm_headings style=&#8221;simple&#8221; subtitle=&#8221;Customer gallery&#8221; title=&#8221;Piper <mark>J3 &amp; PA18<\/mark>&#8221; btn_style=&#8221;a-btn&#8221;][\/vc_column][vc_column width=&#8221;1\/6&#8243;][\/vc_column][vc_column][vc_row_inner][vc_column_inner width=&#8221;1\/4&#8243; css=&#8221;.vc_custom_1617048264897{padding-right: 15px !important;padding-left: 0px !important;}&#8221;][vc_hoverbox image=&#8221;11527&#8243; primary_title=&#8221;&#8221; hover_title=&#8221;Piper PA 18&#8243; shape=&#8221;square&#8221;]built by von Mario Palm[\/vc_hoverbox][\/vc_column_inner][vc_column_inner width=&#8221;1\/4&#8243; css=&#8221;.vc_custom_1617048269320{padding-right: 15px !important;padding-left: 0px !important;}&#8221;][vc_hoverbox image=&#8221;11532&#8243; primary_title=&#8221;&#8221; hover_title=&#8221;Piper Clipped Wing Cub&#8221; shape=&#8221;square&#8221;]built by Burkhard Reinsch[\/vc_hoverbox][\/vc_column_inner][vc_column_inner width=&#8221;1\/4&#8243; css=&#8221;.vc_custom_1617048273975{padding-right: 15px !important;padding-left: 0px !important;}&#8221;][vc_hoverbox image=&#8221;11326&#8243; primary_title=&#8221;&#8221; hover_title=&#8221;Piper PA 18&#8243; shape=&#8221;square&#8221;]built by Wolf Dieter Banke[\/vc_hoverbox][\/vc_column_inner][vc_column_inner width=&#8221;1\/4&#8243; css=&#8221;.vc_custom_1617048277904{padding-right: 15px !important;padding-left: 0px !important;}&#8221;][vc_hoverbox image=&#8221;11519&#8243; primary_title=&#8221;&#8221; hover_title=&#8221;Die rote Piper PA 18&#8243; shape=&#8221;square&#8221;]built by Manfred Ricken[\/vc_hoverbox][\/vc_column_inner][\/vc_row_inner][vc_row_inner css=&#8221;.vc_custom_1617049705738{padding-top: 15px !important;}&#8221;][vc_column_inner width=&#8221;1\/4&#8243; css=&#8221;.vc_custom_1617048264897{padding-right: 15px !important;padding-left: 0px !important;}&#8221;][vc_hoverbox image=&#8221;11522&#8243; primary_title=&#8221;&#8221; hover_title=&#8221;Die gelbe Piper PA 18&#8243; shape=&#8221;square&#8221;]by Manni \u2013 &#8220;yellow is beautiful&#8221;[\/vc_hoverbox][\/vc_column_inner][vc_column_inner width=&#8221;1\/4&#8243; css=&#8221;.vc_custom_1617048269320{padding-right: 15px !important;padding-left: 0px !important;}&#8221;][vc_hoverbox image=&#8221;11528&#8243; primary_title=&#8221;&#8221; hover_title=&#8221;Piper PA 18&#8243; shape=&#8221;square&#8221;]built by Alex Jansen[\/vc_hoverbox][\/vc_column_inner][vc_column_inner width=&#8221;1\/4&#8243; css=&#8221;.vc_custom_1617048273975{padding-right: 15px !important;padding-left: 0px !important;}&#8221;][vc_hoverbox image=&#8221;11372&#8243; primary_title=&#8221;&#8221; hover_title=&#8221;Piper PA 18&#8243; shape=&#8221;square&#8221;]built by Bernhard Beck[\/vc_hoverbox][\/vc_column_inner][vc_column_inner width=&#8221;1\/4&#8243; css=&#8221;.vc_custom_1617048277904{padding-right: 15px !important;padding-left: 0px !important;}&#8221;][vc_hoverbox image=&#8221;11373&#8243; primary_title=&#8221;&#8221; hover_title=&#8221;Clipped Wing Piper&#8221; shape=&#8221;square&#8221;]built by Carlo Regenfelder[\/vc_hoverbox][\/vc_column_inner][\/vc_row_inner][vc_row_inner css=&#8221;.vc_custom_1617049713322{padding-top: 15px !important;}&#8221;][vc_column_inner width=&#8221;1\/4&#8243; css=&#8221;.vc_custom_1617048264897{padding-right: 15px !important;padding-left: 0px !important;}&#8221;][vc_hoverbox image=&#8221;11529&#8243; primary_title=&#8221;&#8221; hover_title=&#8221;Piper PA 18&#8243; shape=&#8221;square&#8221;]built by Christian Six[\/vc_hoverbox][\/vc_column_inner][vc_column_inner width=&#8221;1\/4&#8243; css=&#8221;.vc_custom_1617048269320{padding-right: 15px !important;padding-left: 0px !important;}&#8221;][vc_hoverbox image=&#8221;11374&#8243; primary_title=&#8221;&#8221; hover_title=&#8221;Piper PA 18&#8243; shape=&#8221;square&#8221;]built by Walter Drechsler[\/vc_hoverbox][\/vc_column_inner][vc_column_inner width=&#8221;1\/4&#8243; css=&#8221;.vc_custom_1617048273975{padding-right: 15px !important;padding-left: 0px !important;}&#8221;][vc_hoverbox image=&#8221;11375&#8243; primary_title=&#8221;&#8221; hover_title=&#8221;Piper PA 18&#8243; shape=&#8221;square&#8221;]built by Kolja T. Zweering[\/vc_hoverbox][\/vc_column_inner][vc_column_inner width=&#8221;1\/4&#8243; css=&#8221;.vc_custom_1617048277904{padding-right: 15px !important;padding-left: 0px !important;}&#8221;][vc_hoverbox image=&#8221;11376&#8243; primary_title=&#8221;&#8221; hover_title=&#8221;Piper J3 Cub&#8221; shape=&#8221;square&#8221;]built by Werner Eberhartinger[\/vc_hoverbox][\/vc_column_inner][\/vc_row_inner][vc_row_inner css=&#8221;.vc_custom_1617049720088{padding-top: 15px !important;}&#8221;][vc_column_inner width=&#8221;1\/4&#8243; css=&#8221;.vc_custom_1617048264897{padding-right: 15px !important;padding-left: 0px !important;}&#8221;][vc_hoverbox image=&#8221;11377&#8243; primary_title=&#8221;&#8221; hover_title=&#8221;Piper PA 18&#8243; shape=&#8221;square&#8221;]built by Frank Ulfikowski[\/vc_hoverbox][\/vc_column_inner][vc_column_inner width=&#8221;1\/4&#8243; css=&#8221;.vc_custom_1617048269320{padding-right: 15px !important;padding-left: 0px !important;}&#8221;][vc_hoverbox image=&#8221;11378&#8243; primary_title=&#8221;&#8221; hover_title=&#8221;Piper PA 18&#8243; shape=&#8221;square&#8221;]built by Gary Timmers[\/vc_hoverbox][\/vc_column_inner][vc_column_inner width=&#8221;1\/4&#8243; css=&#8221;.vc_custom_1617048273975{padding-right: 15px !important;padding-left: 0px !important;}&#8221;][vc_hoverbox image=&#8221;11379&#8243; primary_title=&#8221;&#8221; hover_title=&#8221;Piper PA 18&#8243; shape=&#8221;square&#8221;]built by Gerd Haas[\/vc_hoverbox][\/vc_column_inner][vc_column_inner width=&#8221;1\/4&#8243; css=&#8221;.vc_custom_1617048277904{padding-right: 15px !important;padding-left: 0px !important;}&#8221;][vc_hoverbox image=&#8221;11380&#8243; primary_title=&#8221;&#8221; hover_title=&#8221;Piper PA 18&#8243; shape=&#8221;square&#8221;]built by Horst Zimmermann[\/vc_hoverbox][\/vc_column_inner][\/vc_row_inner][vc_row_inner css=&#8221;.vc_custom_1617049720088{padding-top: 15px !important;}&#8221;][vc_column_inner width=&#8221;1\/4&#8243; css=&#8221;.vc_custom_1617048264897{padding-right: 15px !important;padding-left: 0px !important;}&#8221;][vc_hoverbox image=&#8221;11381&#8243; primary_title=&#8221;&#8221; hover_title=&#8221;Piper PA 18&#8243; shape=&#8221;square&#8221;]built by Hussy Michael[\/vc_hoverbox][\/vc_column_inner][vc_column_inner width=&#8221;1\/4&#8243; css=&#8221;.vc_custom_1617048269320{padding-right: 15px !important;padding-left: 0px !important;}&#8221;][vc_hoverbox image=&#8221;11533&#8243; primary_title=&#8221;&#8221; hover_title=&#8221;Piper PA 18&#8243; shape=&#8221;square&#8221;]built by Andreas Knockl[\/vc_hoverbox][\/vc_column_inner][vc_column_inner width=&#8221;1\/4&#8243; css=&#8221;.vc_custom_1617048273975{padding-right: 15px !important;padding-left: 0px !important;}&#8221;][vc_hoverbox image=&#8221;11382&#8243; primary_title=&#8221;&#8221; hover_title=&#8221;Piper J3 Cub&#8221; shape=&#8221;square&#8221;]built by Manfred Heizle[\/vc_hoverbox][\/vc_column_inner][vc_column_inner width=&#8221;1\/4&#8243; css=&#8221;.vc_custom_1617048277904{padding-right: 15px !important;padding-left: 0px !important;}&#8221;][vc_hoverbox image=&#8221;11383&#8243; primary_title=&#8221;&#8221; hover_title=&#8221;Piper PA 18&#8243; shape=&#8221;square&#8221;]built by Peter Plank[\/vc_hoverbox][\/vc_column_inner][\/vc_row_inner][vc_row_inner css=&#8221;.vc_custom_1617049720088{padding-top: 15px !important;}&#8221;][vc_column_inner width=&#8221;1\/4&#8243; css=&#8221;.vc_custom_1617048264897{padding-right: 15px !important;padding-left: 0px !important;}&#8221;][vc_hoverbox image=&#8221;11534&#8243; primary_title=&#8221;&#8221; hover_title=&#8221;Piper PA 18&#8243; shape=&#8221;square&#8221;]built by Routledge Kevin[\/vc_hoverbox][\/vc_column_inner][vc_column_inner width=&#8221;1\/4&#8243; css=&#8221;.vc_custom_1617048269320{padding-right: 15px !important;padding-left: 0px !important;}&#8221;][vc_hoverbox image=&#8221;11384&#8243; primary_title=&#8221;&#8221; hover_title=&#8221;Piper PA 18&#8243; shape=&#8221;square&#8221;]built by Suckart Roland[\/vc_hoverbox][\/vc_column_inner][vc_column_inner width=&#8221;1\/4&#8243; css=&#8221;.vc_custom_1617048273975{padding-right: 15px !important;padding-left: 0px !important;}&#8221;][vc_hoverbox image=&#8221;11385&#8243; primary_title=&#8221;&#8221; hover_title=&#8221;Piper PA 18&#8243; shape=&#8221;square&#8221;]built by Thorsten Ullrich[\/vc_hoverbox][\/vc_column_inner][vc_column_inner width=&#8221;1\/4&#8243; css=&#8221;.vc_custom_1617048277904{padding-right: 15px !important;padding-left: 0px !important;}&#8221;][vc_hoverbox image=&#8221;11386&#8243; primary_title=&#8221;&#8221; hover_title=&#8221;Clipped Wing Piper&#8221; shape=&#8221;square&#8221;]built by Vincenz Bogner[\/vc_hoverbox][\/vc_column_inner][\/vc_row_inner][vc_row_inner css=&#8221;.vc_custom_1617049720088{padding-top: 15px !important;}&#8221;][vc_column_inner width=&#8221;1\/4&#8243; css=&#8221;.vc_custom_1617048264897{padding-right: 15px !important;padding-left: 0px !important;}&#8221;][vc_hoverbox image=&#8221;11387&#8243; primary_title=&#8221;&#8221; hover_title=&#8221;Piper PA 18&#8243; shape=&#8221;square&#8221;]built by Zehles Patrick[\/vc_hoverbox][\/vc_column_inner][vc_column_inner width=&#8221;1\/4&#8243; css=&#8221;.vc_custom_1617048269320{padding-right: 15px !important;padding-left: 0px !important;}&#8221;][vc_hoverbox image=&#8221;11538&#8243; primary_title=&#8221;&#8221; hover_title=&#8221;Piper PA18 Super Cub&#8221; shape=&#8221;square&#8221;]built by John Kelleher, Irland[\/vc_hoverbox][\/vc_column_inner][vc_column_inner width=&#8221;1\/4&#8243; css=&#8221;.vc_custom_1617048273975{padding-right: 15px !important;padding-left: 0px !important;}&#8221;][vc_hoverbox image=&#8221;11388&#8243; primary_title=&#8221;&#8221; hover_title=&#8221;Piper J3 Cub&#8221; shape=&#8221;square&#8221;]built by Helmut Labe[\/vc_hoverbox][\/vc_column_inner][vc_column_inner width=&#8221;1\/4&#8243; css=&#8221;.vc_custom_1617048277904{padding-right: 15px !important;padding-left: 0px !important;}&#8221;][vc_hoverbox image=&#8221;11389&#8243; primary_title=&#8221;&#8221; hover_title=&#8221;Piper PA18 Super Cub&#8221; shape=&#8221;square&#8221;]built by Peter Hauser[\/vc_hoverbox][\/vc_column_inner][\/vc_row_inner][vc_row_inner css=&#8221;.vc_custom_1617049720088{padding-top: 15px !important;}&#8221;][vc_column_inner width=&#8221;1\/4&#8243; css=&#8221;.vc_custom_1617048264897{padding-right: 15px !important;padding-left: 0px !important;}&#8221;][vc_hoverbox image=&#8221;11390&#8243; primary_title=&#8221;&#8221; hover_title=&#8221;Piper PA18 Super Cub&#8221; shape=&#8221;square&#8221;]built by Armin R\u00f6thlisberger[\/vc_hoverbox][\/vc_column_inner][vc_column_inner width=&#8221;1\/4&#8243; css=&#8221;.vc_custom_1617048269320{padding-right: 15px !important;padding-left: 0px !important;}&#8221;][vc_hoverbox image=&#8221;11391&#8243; primary_title=&#8221;&#8221; hover_title=&#8221;Piper J3 CUB&#8221; shape=&#8221;square&#8221;]built by Major Robert Jacquot, USA[\/vc_hoverbox][\/vc_column_inner][vc_column_inner width=&#8221;1\/4&#8243; css=&#8221;.vc_custom_1617048273975{padding-right: 15px !important;padding-left: 0px !important;}&#8221;][vc_hoverbox image=&#8221;11392&#8243; primary_title=&#8221;&#8221; hover_title=&#8221;Piper PA 18 Super Cub&#8221; shape=&#8221;square&#8221;]built by Rudi Widmann[\/vc_hoverbox][\/vc_column_inner][vc_column_inner width=&#8221;1\/4&#8243; css=&#8221;.vc_custom_1617048277904{padding-right: 15px !important;padding-left: 0px !important;}&#8221;][vc_hoverbox image=&#8221;11393&#8243; primary_title=&#8221;&#8221; hover_title=&#8221;Piper PA18 Super CUB&#8221; shape=&#8221;square&#8221;]built by Philipp Kieffer, Schweiz[\/vc_hoverbox][\/vc_column_inner][\/vc_row_inner][vc_row_inner css=&#8221;.vc_custom_1617049720088{padding-top: 15px !important;}&#8221;][vc_column_inner width=&#8221;1\/4&#8243; css=&#8221;.vc_custom_1617048264897{padding-right: 15px !important;padding-left: 0px !important;}&#8221;][vc_hoverbox image=&#8221;11394&#8243; primary_title=&#8221;&#8221; hover_title=&#8221;Piper J3 CUB&#8221; shape=&#8221;square&#8221;]built by Eduard Wymann, Schweiz[\/vc_hoverbox][\/vc_column_inner][vc_column_inner width=&#8221;1\/4&#8243; css=&#8221;.vc_custom_1617048269320{padding-right: 15px !important;padding-left: 0px !important;}&#8221;][vc_hoverbox image=&#8221;11537&#8243; primary_title=&#8221;&#8221; hover_title=&#8221;Piper PA 18 Super CUB&#8221; shape=&#8221;square&#8221;]built by Ralf Brand[\/vc_hoverbox][\/vc_column_inner][vc_column_inner width=&#8221;1\/4&#8243; css=&#8221;.vc_custom_1617048273975{padding-right: 15px !important;padding-left: 0px !important;}&#8221;][vc_hoverbox image=&#8221;11395&#8243; primary_title=&#8221;&#8221; hover_title=&#8221;Piper PA 18 Super CUB&#8221; shape=&#8221;square&#8221;]built by Peter Wohlfeil[\/vc_hoverbox][\/vc_column_inner][vc_column_inner width=&#8221;1\/4&#8243; css=&#8221;.vc_custom_1617048277904{padding-right: 15px !important;padding-left: 0px !important;}&#8221;][vc_hoverbox image=&#8221;11396&#8243; primary_title=&#8221;&#8221; hover_title=&#8221;Piper PA 18 Super CUB&#8221; shape=&#8221;square&#8221;]built by Hannu \u00d6rn, Helsinki[\/vc_hoverbox][\/vc_column_inner][\/vc_row_inner][vc_row_inner desctop_lg_pt=&#8221;padding-lg-50t&#8221; css=&#8221;.vc_custom_1617111952715{padding-top: 15px !important;}&#8221;][vc_column_inner width=&#8221;1\/4&#8243; css=&#8221;.vc_custom_1617048264897{padding-right: 15px !important;padding-left: 0px !important;}&#8221;][vc_hoverbox image=&#8221;11397&#8243; primary_title=&#8221;&#8221; hover_title=&#8221;Piper PA 18 Super CUB&#8221; shape=&#8221;square&#8221;]built by Raymond van Mulken[\/vc_hoverbox][\/vc_column_inner][vc_column_inner width=&#8221;1\/4&#8243; css=&#8221;.vc_custom_1617048269320{padding-right: 15px !important;padding-left: 0px !important;}&#8221;][vc_hoverbox image=&#8221;11398&#8243; primary_title=&#8221;&#8221; hover_title=&#8221;Piper J3 Cub&#8221; shape=&#8221;square&#8221;]built by Frank Wedekind[\/vc_hoverbox][\/vc_column_inner][vc_column_inner width=&#8221;1\/4&#8243; css=&#8221;.vc_custom_1617048273975{padding-right: 15px !important;padding-left: 0px !important;}&#8221;][vc_hoverbox image=&#8221;11399&#8243; primary_title=&#8221;&#8221; hover_title=&#8221;Piper PA 18 Super CUB&#8221; shape=&#8221;square&#8221;]built by Kavi\u00e1k L\u00e1szl\u00f3, Ungarn[\/vc_hoverbox][\/vc_column_inner][vc_column_inner width=&#8221;1\/4&#8243; css=&#8221;.vc_custom_1617048277904{padding-right: 15px !important;padding-left: 0px !important;}&#8221;][vc_hoverbox image=&#8221;11400&#8243; primary_title=&#8221;&#8221; hover_title=&#8221;Piper PA 18 Super CUB&#8221; shape=&#8221;square&#8221;]built by Matthias Schaub[\/vc_hoverbox][\/vc_column_inner][\/vc_row_inner][\/vc_column][\/vc_row]<\/p>\n","protected":false},"excerpt":{"rendered":"<p>[vc_row full_width=&#8221;stretch_row_content_no_spaces&#8221; vc_row_angle_after_reverce=&#8221;yes&#8221;][vc_column][xtrm_banner style_banner=&#8221;simple&#8221; height=&#8221;medium_banner&#8221; light=&#8221;yes&#8221; btn_style=&#8221;a-btn&#8221; horizontal_mask=&#8221;true&#8221; title=&#8221;Piper J3 &amp; PA18 Gallery&#8221; mask_img=&#8221;5852&#8243; image=&#8221;5865&#8243;][\/vc_column][\/vc_row][vc_row full_width=&#8221;stretch_row&#8221; parallax=&#8221;content-moving&#8221; parallax_image=&#8221;5770&#8243; desctop_mt=&#8221;margin-lg-30t&#8221; desctop_lg_pt=&#8221;padding-lg-50t&#8221; desctop_lg_pb=&#8221;padding-lg-155b&#8221; desctop_pb=&#8221;padding-md-115b&#8221; tablets_pb=&#8221;padding-sm-80b&#8221; mobile_pb=&#8221;padding-xs-20b&#8221; vc_row_angle_before_reverce=&#8221;yes&#8221; vc_row_angle_after_reverce=&#8221;yes&#8221;][vc_column width=&#8221;1\/6&#8243;][\/vc_column][vc_column width=&#8221;2\/3&#8243; desctop_mt=&#8221;margin-lg-70t&#8221;][xtrm_headings style=&#8221;simple&#8221; subtitle=&#8221;Customer gallery&#8221; title=&#8221;Piper J3 &amp; PA18&#8221; btn_style=&#8221;a-btn&#8221;][\/vc_column][vc_column width=&#8221;1\/6&#8243;][\/vc_column][vc_column][vc_row_inner][vc_column_inner width=&#8221;1\/4&#8243; css=&#8221;.vc_custom_1617048264897{padding-right: 15px !important;padding-left: 0px !important;}&#8221;][vc_hoverbox image=&#8221;11527&#8243; primary_title=&#8221;&#8221; hover_title=&#8221;Piper PA 18&#8243; shape=&#8221;square&#8221;]built by von Mario Palm[\/vc_hoverbox][\/vc_column_inner][vc_column_inner width=&#8221;1\/4&#8243; &#8230;<\/p>\n","protected":false},"author":4,"featured_media":0,"parent":0,"menu_order":0,"comment_status":"closed","ping_status":"closed","template":"","meta":[],"featured_image_src":null,"featured_image_src_square":null,"_links":{"self":[{"href":"https:\/\/www.toni-clark.com\/en\/wp-json\/wp\/v2\/pages\/10403"}],"collection":[{"href":"https:\/\/www.toni-clark.com\/en\/wp-json\/wp\/v2\/pages"}],"about":[{"href":"https:\/\/www.toni-clark.com\/en\/wp-json\/wp\/v2\/types\/page"}],"author":[{"embeddable":true,"href":"https:\/\/www.toni-clark.com\/en\/wp-json\/wp\/v2\/users\/4"}],"replies":[{"embeddable":true,"href":"https:\/\/www.toni-clark.com\/en\/wp-json\/wp\/v2\/comments?post=10403"}],"version-history":[{"count":4,"href":"https:\/\/www.toni-clark.com\/en\/wp-json\/wp\/v2\/pages\/10403\/revisions"}],"predecessor-version":[{"id":11906,"href":"https:\/\/www.toni-clark.com\/en\/wp-json\/wp\/v2\/pages\/10403\/revisions\/11906"}],"wp:attachment":[{"href":"https:\/\/www.toni-clark.com\/en\/wp-json\/wp\/v2\/media?parent=10403"}],"curies":[{"name":"wp","href":"https:\/\/api.w.org\/{rel}","templated":true}]}}